{"id":26,"date":"2020-08-11T15:12:58","date_gmt":"2020-08-11T15:12:58","guid":{"rendered":"https:\/\/luna.eis-tec.com\/index.php\/mesmerize\/"},"modified":"2021-08-30T20:02:07","modified_gmt":"2021-08-30T20:02:07","slug":"mesmerize","status":"publish","type":"page","link":"https:\/\/alnammour.de\/","title":{"rendered":"Front Page"},"content":{"rendered":"<div  id=\"start\" style=\"background-color: #ffffff;\" data-label=\"start\" data-id=\"overlappable-4\" data-export-id=\"overlappable-4\" data-category=\"overlappable\" class=\"overlappable-4 content-section content-section-spacing\" data-overlap=\"true\">\n<div  class=\"gridContainer\">\n<div  data-type=\"row\" class=\"row spaced-cols text-center\">\n<div  class=\"col-xs-12 col-sm-4 col-padding\"> <a data-cp-link=\"1\" href=\"#sprachen\" target=\"_self\" rel=\"noopener\"><i  class=\"fa icon shadow-large-black aligncenter color1 fa-commenting reverse round large\"><\/i><\/a>\n<div  data-type=\"column\" class=\"\">\n<h5  class=\"\">SPRACHEN<\/h5>\n<div  class=\"\">Wir sprechen zahlreiche Sprachen dieser Erde und erm\u00f6glichen es unseren Kunden damit,\nsich mit globalen Partnern schriftlich oder im pers\u00f6nlichen Gespr\u00e4ch auszutauschen. Unser\nAnliegen ist es, Ihnen stets beste Qualit\u00e4t zu liefern, daher bieten wir nur an, was wir\nwirklich beherrschen!<\/div>\n<div  class=\"\"><\/div>\n<\/div>\n<\/div>\n<div  class=\"col-xs-12 col-sm-4 col-padding\"> <a data-cp-link=\"1\" href=\"#uebersetzungen\" target=\"_self\" rel=\"noopener\"><i  class=\"fa icon shadow-large-black aligncenter color1 fa-language reverse round large\"><\/i><\/a>\n<div  data-type=\"column\" class=\"\">\n<h5  class=\"\">\u00dcBERSETZUNGEN<\/h5>\n<div  class=\"\">Muttersprachliche Fach\u00fcbersetzungen in h\u00f6chster Qualit\u00e4t sind unsere Priorit\u00e4t. Mit\nperfekten Kenntnissen in vielen verschiedenen Fachgebieten in Wort und Schrift begleiten wir Sie\nauch gern vor Ort, wo Sie unsere Hilfe ben\u00f6tigen.<\/div>\n<div  class=\"\"><\/div>\n<\/div>\n<\/div>\n<div  class=\"col-xs-12 col-sm-4 col-padding\"> <a data-cp-link=\"1\" href=\"#dolmetscher\" target=\"_self\" rel=\"noopener\"><i  class=\"fa icon shadow-large-black aligncenter color1 fa-group reverse round large\"><\/i><\/a>\n<div  data-type=\"column\" class=\"\">\n<h5  class=\"\">DOLMETSCHER<\/h5>\n<p  class=\"\">Wir haben viele Kontakte ins Ausland, unter anderem in Arabien, Persien und der T\u00fcrkei.\nDaf\u00fcr k\u00f6nnen wir Ihnen auch gerne vor Ort Dolmetscher vermitteln, die spezielle Fachkenntnisse\nin technischen Angelegenheiten haben. Wir haben bereits mit gro\u00dfen Firmen wie Siemens\nzusammengearbeitet.<\/p>\n\n<div  class=\"\"><\/div>\n<\/div>\n<\/div>\n<\/div>\n<\/div>\n<\/div><div  data-label=\"sprachen\" data-id=\"content--1\" data-export-id=\"content-3\" data-category=\"content\" class=\"content-3 content-section content-section-spacing\" id=\"sprachen\" style=\"background-color: rgb(245, 250, 253);\">\n<div >\n<div  class=\"row middle-xs\">\n<div  class=\"col-sm-7 full-col-left-padding full-col-right-padding\">\n<div  class=\"row\">\n<div  data-type=\"column\" class=\"space-bottom-small content-title-col\">\n<h2  class=\"\">SPRACHEN<\/h2>\n<p  class=\"\">Wir sprechen zahlreiche Sprachen dieser Erde und erm\u00f6glichen es unseren Kunden\ndamit, sich mit globalen Partnern schriftlich oder im pers\u00f6nlichen Gespr\u00e4ch auszutauschen.\nUnser Anliegen ist es, Ihnen stets beste Qualit\u00e4t zu liefern, daher bieten wir nur an, was\nwir wirklich beherrschen!<\/p>\n\n<\/div>\n<\/div>\n<div  class=\"row spaced-cols\" data-type=\"row\">\n<div  class=\"col-xs-6\" data-type=\"column\">\n<p  class=\"\">Alnammour \u00dcbersetzungen bietet Ihnen folgende Sprachen:<\/p>\n<p  class=\"lead\">Albanisch \u2022 Amharisch \u2022 Arabisch \u2022 Armenisch \u2022 Bengali\n\u2022 Bosnisch \u2022 Bulgarisch \u2022 Chald\u00e4isch \u2022 Chinesisch \u2022 Dari \/\nFarsi (Persisch) \u2022 Englisch \u2022 Franz\u00f6sisch \u2022 Fula \/ Pula \/ Pullar \u2022\nGeorgisch \u2022 Griechisch \u2022 Hindi \u2022 Italienisch \u2022 Kroatisch \/\nSerbokroatisch \u2022 Kurdisch \u2013 Kurmanci \u2022 Kurdisch \u2013 Badini \u2022 Kurdisch \u2013\nSorani \u2022 Kotokoli \u2022 Malinka \/ Malinke<\/p>\n\n<\/div>\n<div  class=\"col-xs-6\" data-type=\"column\">\n<p  class=\"lead\">Mandenka \/ Mandinka \u2022 Mazedonisch \u2022 Oromo \u2022 Paschtu \u2022\nPolnisch \u2022 Portugiesisch \u2022 Panjabi\/Punjabi \u2022 Russisch \u2022 Rum\u00e4nisch\n\u2022 Serbisch \u2022 Slowenisch \u2022 Somalisch \u2022 Spanisch \u2022 Susu (Sousou)\n\u2022 Tigrinya \u2022 Tschechisch \u2022 Tschetschenisch \u2022 T\u00fcrkisch \u2022\nUngarisch \u2022 Urdu \u2022 Vietnamesisch \u2022 Wolof \u2022 und weitere Sprachen<\/p>\n<p  class=\"\">Bei Interesse an weiteren Informationen freuen wir uns \u00fcber Ihre Kontaktaufnahme.<\/p>\n\n<\/div>\n<\/div>\n<\/div>\n<div  class=\"col-sm-5 bg-image shadow-large-black revert-classes-holder\" data-bg=\"image\" style=\"background-image: url(&quot;https:\/\/alnammour.de\/wp-content\/uploads\/2021\/08\/cropped-Fotolia_101348955_XS-1-1.jpg&quot;);\"><\/div>\n<\/div>\n<\/div>\n<\/div><div  data-label=\"uebersetzungen\" data-id=\"features--2\" data-export-id=\"features-12\" data-category=\"features\" class=\"features-12 content-section content-section-spacing \" id=\"uebersetzungen\" style=\"background-color: rgb(255, 255, 255); background-image: none;\">\n<div  class=\"gridContainer\">\n<div  class=\"row text-center\">\n<div  class=\"section-title-col\" data-type=\"column\">\n<h2  class=\"\">\u00dcBERSETZUNGEN<\/h2>\n<p  class=\"lead\">Wir haben eine langj\u00e4hrige Erfahrung in der \u00dcbersetzung von Dokumenten aller Art. Wir\n\u00fcbersetzen gern f\u00fcr Sie:<\/p>\n\n<\/div>\n<\/div>\n<div  class=\"row spaced-cols\" data-type=\"row\">\n<div  class=\"col-sm-6\">\n<div  class=\"row space-bottom\">\n<div  class=\"col-sm-fit icon-column\"> <i  class=\"fa icon color2 fa-balance-scale bordered round\"><\/i><\/div>\n<div  class=\"col-sm\" data-type=\"column\">\n<h5  class=\"color2\">JURISTISCHE DOKUMENTE<\/h5>\n<p  class=\"\">\u00dcbersetzung von Gerichtsurteilen \u2022 \u00dcbersetzung von F\u00fchrungszeugnissen \u2022 \u00dcbersetzung\nvon Strafbefehlen \u2022 \u00dcbersetzung von Verhandlungsprotokollen \u2022 \u00dcbersetzung von Vollmachten \u2022\n\u00dcbersetzung von Vertr\u00e4gen \u2022 Beglaubigte \u00dcbersetzungen \u2022 Juristische \u00dcbersetzungen<\/p>\n\n<\/div>\n<\/div>\n<\/div>\n<div  class=\"col-sm-6\">\n<div  class=\"row space-bottom\">\n<div  class=\"col-sm-fit icon-column\"><i  class=\"fa icon color2 fa-expeditedssl bordered round\"><\/i><\/div>\n<div  class=\"col-sm\" data-type=\"column\">\n<h5  class=\"color2\">PRIVATE DOKUMENTE<\/h5>\n<p  class=\"\">\u00dcbersetzung von Abschl\u00fcssen \u2022 \u00dcbersetzung von Berichten \u2022 \u00dcbersetzung von\nBedienungsanleitungen \u2022 \u00dcbersetzung von Briefen \u2022 \u00dcbersetzung von Diplomen \u2022 \u00dcbersetzung von\nGutachten \u2022 \u00dcbersetzung von Zeugnissen \u2022 \u00dcbersetzung von Scheidungsurteilen \u2022 \u00dcbersetzung\nvon Rechnungen<\/p>\n\n<\/div>\n<\/div>\n<\/div>\n<div  class=\"col-sm-6\">\n<div  class=\"row space-bottom\">\n<div  class=\"col-sm-fit icon-column\"><i  class=\"fa icon color2 fa-user-md bordered round\"><\/i><\/div>\n<div  class=\"col-sm\" data-type=\"column\">\n<h5  class=\"color2\">MEDIZINISCHE DOKUMENTE<\/h5>\n<p  class=\"\">\u00dcbersetzung von Arztbriefen \u2022 \u00dcbersetzung von Rezepten und \u00dcberweisungen \u2022\n\u00dcbersetzung von Patientenakten&nbsp;\u2022 Medizinische \u00dcbersetzungen \u2022 Pharmazeutische\n\u00dcbersetzungen<\/p>\n\n<\/div>\n<\/div>\n<\/div>\n<div  class=\"col-sm-6\">\n<div  class=\"row space-bottom\">\n<div  class=\"col-sm-fit icon-column\"><i  class=\"fa icon color2 fa-address-card bordered round\"><\/i><\/div>\n<div  class=\"col-sm\" data-type=\"column\">\n<h5  class=\"color2\">SONSTIGES<\/h5>\n<p  class=\"\">\u00dcbersetzung vom F\u00fchrerschein \u2022 Dokumente f\u00fcr Konferenzen \u2022 Dokumente f\u00fcr Messen \u2022\nTelefonprotokolle \u2022 Technische \u00dcbersetzungen \u2022 Wissenschaftliche \u00dcbersetzungen uvm.<\/p>\n\n<\/div>\n<\/div>\n<\/div>\n<\/div>\n<\/div>\n<\/div><div  data-label=\"dolmetscher\" data-id=\"features--1\" data-export-id=\"features-12-card-bordered\" data-category=\"features\" class=\"features-12-card-bordered content-section content-section-spacing \" id=\"dolmetscher\" style=\"background-color: rgb(245, 250, 253); background-image: none;\">\n<div  class=\"gridContainer\">\n<div  class=\"row text-center\">\n<div  class=\"section-title-col\" data-type=\"column\">\n<h2  class=\"\">\u00dcBERSETZER &amp; DOLMETSCHER<\/h2>\n<p  class=\"lead\">Wir haben viele Kontakte ins Ausland, unter anderem in Arabien, Persien und der T\u00fcrkei.\nDaf\u00fcr k\u00f6nnen wir Ihnen auch gerne vor Ort Dolmetscher vermitteln, die spezielle Fachkenntnisse in\ntechnischen Angelegenheiten haben. Wir haben bereits mit gro\u00dfen Firmen wie Siemens\nzusammengearbeitet.<\/p>\n                Weiter bieten wir Ihnen:\n\n<\/div>\n<\/div>\n<div  class=\"row spaced-cols center-sm content-center-sm\" data-type=\"row\">\n<div  class=\"col-sm-6 col-md-6 \">\n<div  class=\"card row-card bordered y-move\">\n<div  class=\"row\">\n<div  class=\"col-sm-fit icon-column\"> <i  class=\"fa icon color2 fa-balance-scale bordered round\"><\/i><\/div>\n<div  class=\"col-sm\" data-type=\"column\">\n<h5  class=\"color2\">JURISTISCHE \u00dcBERSETZUNGEN<\/h5>\n<p  class=\"\">Amtsdolmetscher \u2022 Beh\u00f6rdendolmetscher \u2022 \u00dcbersetzung vor Gericht \u2022 \u00dcbersetzer \/\nDolmetscher f\u00fcr das Notariat \u2022 \u00dcbersetzung bei Strafprozessen \u2022 Vertragsgespr\u00e4che<\/p>\n\n<\/div>\n<\/div>\n<\/div>\n<\/div>\n<div  class=\"col-sm-6 col-md-6 \">\n<div  class=\"card row-card bordered y-move\">\n<div  class=\"row\">\n<div  class=\"col-sm-fit icon-column\"> <i  class=\"fa icon color2 fa-user-md bordered round\"><\/i><\/div>\n<div  class=\"col-sm\" data-type=\"column\">\n<h5  class=\"color2\">MEDIZINISCHE \u00dcBERSETZUNGEN<\/h5>\n<p  class=\"\">\u00dcbersetzer \/ Dolmetscher f\u00fcr Arztbesuche \u2022 Dolmetscher bei Gutachten \u2022\nMedizinische \u00dcbersetzungen \u2022 Pharmazeutische \u00dcbersetzungen<\/p>\n\n<\/div>\n<\/div>\n<\/div>\n<\/div>\n<div  class=\"col-sm-6 col-md-6 \">\n<div  class=\"card row-card bordered y-move\">\n<div  class=\"row\">\n<div  class=\"col-sm-fit icon-column\"> <i  class=\"fa icon color2 fa-dropbox bordered round\"><\/i><\/div>\n<div  class=\"col-sm\" data-type=\"column\">\n<h5  class=\"color2\">SONSTIGES<\/h5>\n<p  class=\"\">\u00dcbersetzer \/ Dolmetscher f\u00fcr Verhandlungen \u2022 Konferenzen \u2022 auf Messen \u2022\nTelefonkonferenzen uvm.<\/p>\n\n<\/div>\n<\/div>\n<\/div>\n<\/div>\n<\/div>\n<\/div>\n<\/div><div  data-label=\"kontakt\" data-id=\"content--3\" data-export-id=\"content-8\" data-category=\"content\" class=\"content-8 content-section content-section-spacing\" id=\"kontakt\" style=\"background-color: rgb(255, 255, 255); background-image: none;\">\n<div  class=\"gridContainer\">\n<div  class=\"row middle-sm\">\n<div  class=\"col-sm-6 space-bottom-xs space-top-xs content-center-sm\" data-type=\"column\"> <img decoding=\"async\"  class=\"shadow-large\" src=\"https:\/\/alnammour.de\/wp-content\/uploads\/2021\/08\/cropped-telephone-612061_640.jpeg\" title=\"cropped-telephone-612061_640.jpeg\" alt=\"\"><\/div>\n<div  class=\"col-sm-6 content-center-sm\" data-type=\"column\">\n<h2  class=\"\">KONTAKT<\/h2>\n<p  class=\"lead\">24-st\u00fcndige Erreichbarkeit, auch an Sonn- und Feiertagen!<\/p>\n<p  class=\"\">Mobil: 0172 \/ 77 12 483<\/p>\n<p  class=\"\">Telefon: 0351 \/ 40 410 277<\/p>\n<p  class=\"\">Telefax: 0351 \/ 40 410 279<\/p>\n<p  class=\"\">E-Mail: info@alnammour.de<\/p>\n                <a class=\"button color1\" href=\"mailto:info@alnammour.de\" target=\"_self\" data-cp-link=\"1\" rel=\"noopener\">jetzt eine E-Mail schreiben<\/a>\n\n<\/div>\n<\/div>\n<\/div>\n<\/div><div  data-label=\"ueber uns\" data-id=\"content--2\" data-export-id=\"content-7\" data-category=\"content\" class=\"content-7 content-section content-section-spacing\" id=\"ueber-uns\" style=\"background-color: rgb(245, 250, 253); background-image: none;\">\n<div  class=\"gridContainer\">\n<div  class=\"row middle-sm\">\n<div  class=\"col-sm-6 space-bottom-xs\" data-type=\"column\">\n<h2  class=\"\">\u00dcBER UNS<\/h2>\n<p  class=\"\">Wir sind ein eingespieltes \u00dcbersetzerteam mit jahrelanger Berufserfahrung und bieten Ihnen\nprofessionelle und zeitnahe \u00dcbersetzungen und Dolmetscherdienste an. In unserem Unternehmen\nAlnammour \u00dcbersetzungen sind mehrere Dolmetscher und \u00dcbersetzer besch\u00e4ftigt, welche t\u00e4glich auf\nAbruf 24 Stunden am Tag f\u00fcr Sie im Einsatz sind.<\/p>\n<p  class=\"\">Ob Sie ein Gerichtsurteil, eine Urkunde oder ein Zeugnis, eine Vollmacht oder einen Vertrag,\neine Webseite oder eine Bewerbung \u00fcbersetzen lassen m\u00f6chten, das \u00dcbersetzungsb\u00fcro Alnammour\n\u00dcbersetzungen steht mit seinen professionellen \u00dcbersetzern und Dolmetschern in 27 verschiedenen\nSprachen f\u00fcr hohe Qualit\u00e4t und faire Preise. Lassen auch Sie sich von unserer Qualit\u00e4t \u00fcberzeugen.\nWenn Sie unsere Dienstleistungen in Anspruch nehmen m\u00f6chten, rufen Sie uns einfach an oder senden\neine E-Mail.<\/p>\n\n<\/div>\n<div  class=\"col-sm-6\" data-type=\"column\"> <img decoding=\"async\"  class=\"shadow-large\" src=\"https:\/\/alnammour.de\/wp-content\/uploads\/2021\/08\/cropped-alnammour_logo_website_square-1.png\" title=\"cropped-alnammour_logo_website_square-1.png\" alt=\"\"><\/div>\n<\/div>\n<\/div>\n<\/div>","protected":false},"excerpt":{"rendered":"<p>SPRACHEN Wir sprechen zahlreiche Sprachen dieser Erde und erm\u00f6glichen es unseren Kunden damit, sich mit globalen Partnern schriftlich oder im pers\u00f6nlichen Gespr\u00e4ch auszutauschen. Unser Anliegen ist es, Ihnen stets beste Qualit\u00e4t zu liefern, daher bieten wir nur an, was wir wirklich beherrschen! \u00dcBERSETZUNGEN Muttersprachliche Fach\u00fcbersetzungen in h\u00f6chster Qualit\u00e4t sind unsere Priorit\u00e4t. Mit perfekten Kenntnissen in&hellip; <br \/> <a class=\"read-more\" href=\"https:\/\/alnammour.de\/\">Weiterlesen<\/a><\/p>\n","protected":false},"author":2,"featured_media":0,"parent":0,"menu_order":0,"comment_status":"closed","ping_status":"closed","template":"page-templates\/homepage.php","meta":{"footnotes":""},"_links":{"self":[{"href":"https:\/\/alnammour.de\/index.php\/wp-json\/wp\/v2\/pages\/26"}],"collection":[{"href":"https:\/\/alnammour.de\/index.php\/wp-json\/wp\/v2\/pages"}],"about":[{"href":"https:\/\/alnammour.de\/index.php\/wp-json\/wp\/v2\/types\/page"}],"author":[{"embeddable":true,"href":"https:\/\/alnammour.de\/index.php\/wp-json\/wp\/v2\/users\/2"}],"replies":[{"embeddable":true,"href":"https:\/\/alnammour.de\/index.php\/wp-json\/wp\/v2\/comments?post=26"}],"version-history":[{"count":48,"href":"https:\/\/alnammour.de\/index.php\/wp-json\/wp\/v2\/pages\/26\/revisions"}],"predecessor-version":[{"id":205,"href":"https:\/\/alnammour.de\/index.php\/wp-json\/wp\/v2\/pages\/26\/revisions\/205"}],"wp:attachment":[{"href":"https:\/\/alnammour.de\/index.php\/wp-json\/wp\/v2\/media?parent=26"}],"curies":[{"name":"wp","href":"https:\/\/api.w.org\/{rel}","templated":true}]}}